{"id":759,"date":"2025-07-20T13:16:09","date_gmt":"2025-07-20T13:16:09","guid":{"rendered":"https:\/\/www.ktvservis.cz\/?page_id=759"},"modified":"2025-07-20T14:54:10","modified_gmt":"2025-07-20T14:54:10","slug":"poptavkovy-formular","status":"publish","type":"page","link":"https:\/\/www.ktvservis.cz\/index.php\/poptavkovy-formular\/","title":{"rendered":"popt\u00e1vkov\u00fd formul\u00e1\u0159"},"content":{"rendered":"<p>[et_pb_section fb_built=&#8220;1&#8243; _builder_version=&#8220;4.27.4&#8243; _module_preset=&#8220;default&#8220; border_width_top=&#8220;1px&#8220; border_color_top=&#8220;gcid-heading-color&#8220; global_colors_info=&#8220;{%22gcid-heading-color%22:%91%22border_color_top%22%93}&#8220;][et_pb_row _builder_version=&#8220;4.27.4&#8243; _module_preset=&#8220;default&#8220; width=&#8220;90%&#8220; max_width=&#8220;1250px&#8220; max_width_tablet=&#8220;1250px&#8220; max_width_phone=&#8220;90%&#8220; max_width_last_edited=&#8220;on|phone&#8220; global_colors_info=&#8220;{}&#8220;][et_pb_column type=&#8220;4_4&#8243; _builder_version=&#8220;4.27.4&#8243; _module_preset=&#8220;default&#8220; global_colors_info=&#8220;{}&#8220;][et_pb_text _builder_version=&#8220;4.27.4&#8243; _module_preset=&#8220;default&#8220; text_font=&#8220;|||on|||||&#8220; header_2_font=&#8220;|700|||||||&#8220; header_2_text_color=&#8220;gcid-8fda4025-b7e7-4558-a868-f6607592aa61&#8243; header_2_font_size=&#8220;40px&#8220; custom_margin=&#8220;||0px||false|false&#8220; custom_padding=&#8220;||0px||false|false&#8220; header_2_font_size_tablet=&#8220;40px&#8220; header_2_font_size_phone=&#8220;30px&#8220; header_2_font_size_last_edited=&#8220;on|phone&#8220; global_colors_info=&#8220;{%22gcid-8fda4025-b7e7-4558-a868-f6607592aa61%22:%91%22header_2_text_color%22%93}&#8220;]<\/p>\n<h2 id=\"nezavazna-poptavka\">Nez\u00e1vazn\u00e1 popt\u00e1vka<\/h2>\n<div class=\"section-desc-top\"><\/div>\n<p>[\/et_pb_text][et_pb_text _builder_version=&#8220;4.27.4&#8243; _module_preset=&#8220;default&#8220; custom_padding=&#8220;10px||||false|false&#8220; global_colors_info=&#8220;{}&#8220;]<\/p>\n<p>Vypl\u0148te nez\u00e1vazn\u00fd popt\u00e1vkov\u00fd formul\u00e1\u0159 a my se v\u00e1m ozveme.<\/p>\n<p>[\/et_pb_text][\/et_pb_column][\/et_pb_row][et_pb_row column_structure=&#8220;1_2,1_2&#8243; use_custom_gutter=&#8220;on&#8220; gutter_width=&#8220;4&#8243; _builder_version=&#8220;4.27.4&#8243; _module_preset=&#8220;default&#8220; width=&#8220;90%&#8220; max_width=&#8220;1250px&#8220; global_colors_info=&#8220;{}&#8220;][et_pb_column type=&#8220;1_2&#8243; _builder_version=&#8220;4.27.4&#8243; _module_preset=&#8220;default&#8220; global_colors_info=&#8220;{}&#8220;][dsm_contact_form_7 cf7_library=&#8220;767&#8243; show_validation=&#8220;on&#8220; label_bottom_spacing=&#8220;0px&#8220; input_background_color=&#8220;RGBA(255,255,255,0)&#8220; file_padding=&#8220;8px||||false|false&#8220; _builder_version=&#8220;4.27.4&#8243; _module_preset=&#8220;default&#8220; labels_font=&#8220;|700||on|||||&#8220; labels_text_color=&#8220;#000000&#8243; labels_font_size=&#8220;17px&#8220; input_textarea_select_text_color=&#8220;#000000&#8243; radio_checkbox_text_align=&#8220;left&#8220; radio_checkbox_text_color=&#8220;gcid-body-color&#8220; file_text_color=&#8220;#000000&#8243; file_font_size=&#8220;17px&#8220; custom_button_one=&#8220;on&#8220; button_one_text_color=&#8220;#FFFFFF&#8220; button_one_bg_color=&#8220;gcid-8fda4025-b7e7-4558-a868-f6607592aa61&#8243; button_one_border_width=&#8220;0px&#8220; button_one_border_radius=&#8220;0px&#8220; button_one_font=&#8220;|700||on|||||&#8220; button_one_custom_margin=&#8220;30px||0px||false|false&#8220; button_one_custom_padding=&#8220;18px|73px|18px|73px|true|true&#8220; hover_enabled=&#8220;0&#8243; radio_checkbox_font_size_tablet=&#8220;&#8220; radio_checkbox_font_size_phone=&#8220;18px&#8220; radio_checkbox_font_size_last_edited=&#8220;on|phone&#8220; border_width_all_image=&#8220;1px&#8220; border_color_all_image=&#8220;gcid-8fda4025-b7e7-4558-a868-f6607592aa61&#8243; global_colors_info=&#8220;{%22gcid-8fda4025-b7e7-4558-a868-f6607592aa61%22:%91%22border_color_all_image%22,%22button_one_bg_color%22%93,%22gcid-body-color%22:%91%22radio_checkbox_text_color%22%93}&#8220; sticky_enabled=&#8220;0&#8243;][\/dsm_contact_form_7][\/et_pb_column][et_pb_column type=&#8220;1_2&#8243; _builder_version=&#8220;4.27.4&#8243; _module_preset=&#8220;default&#8220; global_colors_info=&#8220;{}&#8220;][et_pb_text _builder_version=&#8220;4.27.4&#8243; _module_preset=&#8220;default&#8220; text_font=&#8220;|700||on|||||&#8220; text_text_color=&#8220;gcid-8fda4025-b7e7-4558-a868-f6607592aa61&#8243; text_font_size=&#8220;30px&#8220; text_line_height=&#8220;1.2em&#8220; custom_padding=&#8220;33px||||false|false&#8220; custom_padding_tablet=&#8220;33px||||false|false&#8220; custom_padding_phone=&#8220;0px||||false|false&#8220; custom_padding_last_edited=&#8220;on|phone&#8220; global_colors_info=&#8220;{%22gcid-8fda4025-b7e7-4558-a868-f6607592aa61%22:%91%22text_text_color%22%93}&#8220;]<\/p>\n<p><span style=\"font-size: xx-large;\">\u2706<\/span><br \/><span style=\"color: #000000;\">603 259 040<\/span><\/p>\n<p>[\/et_pb_text][et_pb_text _builder_version=&#8220;4.27.4&#8243; _module_preset=&#8220;default&#8220; text_font=&#8220;|700|||||||&#8220; text_text_color=&#8220;gcid-8fda4025-b7e7-4558-a868-f6607592aa61&#8243; text_font_size=&#8220;30px&#8220; text_line_height=&#8220;1.2em&#8220; global_colors_info=&#8220;{%22gcid-8fda4025-b7e7-4558-a868-f6607592aa61%22:%91%22text_text_color%22%93}&#8220;]<\/p>\n<p>\ud83d\udd82<span style=\"color: #000000;\"><br \/>info@ktvservis.cz<\/span><\/p>\n<p>[\/et_pb_text][\/et_pb_column][\/et_pb_row][\/et_pb_section]<\/p>\n","protected":false},"excerpt":{"rendered":"<p>Nez\u00e1vazn\u00e1 popt\u00e1vka Vypl\u0148te nez\u00e1vazn\u00fd popt\u00e1vkov\u00fd formul\u00e1\u0159 a my se v\u00e1m ozveme.<div class=\"et_pb_with_border et_pb_module dsm_contact_form_7 dsm_contact_form_7_0\">\n\t\t\t\t\n\t\t\t\t\n\t\t\t\t\n\t\t\t\t\n\t\t\t\t\n\t\t\t\t\n\t\t\t\t<div class=\"et_pb_module_inner\">\n\t\t\t\t\t<div class=\"\">\n\t\t\t\t\n<div class=\"wpcf7 no-js\" id=\"wpcf7-f767-o1\" lang=\"cs-CZ\" dir=\"ltr\" data-wpcf7-id=\"767\">\n<div class=\"screen-reader-response\"><p role=\"status\" aria-live=\"polite\" aria-atomic=\"true\"><\/p> <ul><\/ul><\/div>\n<form action=\"\/index.php\/wp-json\/wp\/v2\/pages\/759#wpcf7-f767-o1\" method=\"post\" class=\"wpcf7-form init\" aria-label=\"Kontaktn\u00ed formul\u00e1\u0159\" enctype=\"multipart\/form-data\" novalidate=\"novalidate\" data-status=\"init\">\n<fieldset class=\"hidden-fields-container\"><input type=\"hidden\" name=\"_wpcf7\" value=\"767\" \/><input type=\"hidden\" name=\"_wpcf7_version\" value=\"6.1\" \/><input type=\"hidden\" name=\"_wpcf7_locale\" value=\"cs_CZ\" \/><input type=\"hidden\" name=\"_wpcf7_unit_tag\" value=\"wpcf7-f767-o1\" \/><input type=\"hidden\" name=\"_wpcf7_container_post\" value=\"0\" \/><input type=\"hidden\" name=\"_wpcf7_posted_data_hash\" value=\"\" \/>\n<\/fieldset>\n<p><label> Jm\u00e9no a p\u0159\u00edjmen\u00ed <\/label>\n<\/p>\n<p><span class=\"wpcf7-form-control-wrap\" data-name=\"your-name\"><input size=\"40\" maxlength=\"400\" class=\"wpcf7-form-control wpcf7-text wpcf7-validates-as-required\" autocomplete=\"name\" aria-required=\"true\" aria-invalid=\"false\" value=\"\" type=\"text\" name=\"your-name\" \/><\/span>\n<\/p>\n<p><label> E-mailov\u00e1 adresa <\/label>\n<\/p>\n<p><span class=\"wpcf7-form-control-wrap\" data-name=\"your-email\"><input size=\"40\" maxlength=\"400\" class=\"wpcf7-form-control wpcf7-email wpcf7-validates-as-required wpcf7-text wpcf7-validates-as-email\" autocomplete=\"email\" aria-required=\"true\" aria-invalid=\"false\" value=\"\" type=\"email\" name=\"your-email\" \/><\/span>\n<\/p>\n<p><label> Telefonn\u00ed \u010d\u00edslo <\/label>\n<\/p>\n<p><span class=\"wpcf7-form-control-wrap\" data-name=\"tel-199\"><input size=\"40\" maxlength=\"400\" class=\"wpcf7-form-control wpcf7-tel wpcf7-validates-as-required wpcf7-text wpcf7-validates-as-tel\" autocomplete=\"tel\" aria-required=\"true\" aria-invalid=\"false\" value=\"\" type=\"tel\" name=\"tel-199\" \/><\/span>\n<\/p>\n<p><label> Produkt <\/label><br \/>\n<span class=\"wpcf7-form-control-wrap\" data-name=\"checkbox-925\"><span class=\"wpcf7-form-control wpcf7-checkbox\"><span class=\"wpcf7-list-item first\"><input type=\"checkbox\" name=\"checkbox-925[]\" value=\"Dve\u0159e\" \/><span class=\"wpcf7-list-item-label\">Dve\u0159e<\/span><\/span><span class=\"wpcf7-list-item\"><input type=\"checkbox\" name=\"checkbox-925[]\" value=\"Okna\" \/><span class=\"wpcf7-list-item-label\">Okna<\/span><\/span><span class=\"wpcf7-list-item\"><input type=\"checkbox\" name=\"checkbox-925[]\" value=\"Posuvn\u00e9 syst\u00e9my\" \/><span class=\"wpcf7-list-item-label\">Posuvn\u00e9 syst\u00e9my<\/span><\/span><span class=\"wpcf7-list-item last\"><input type=\"checkbox\" name=\"checkbox-925[]\" value=\"Jin\u00e9\" \/><span class=\"wpcf7-list-item-label\">Jin\u00e9<\/span><\/span><\/span><\/span>\n<\/p>\n<table>\n<\/table>\n<p><label> Typ stavby <\/label><br \/>\n<span class=\"wpcf7-form-control-wrap\" data-name=\"checkbox-729\"><span class=\"wpcf7-form-control wpcf7-checkbox\"><span class=\"wpcf7-list-item first\"><input type=\"checkbox\" name=\"checkbox-729[]\" value=\"Novostavba\" \/><span class=\"wpcf7-list-item-label\">Novostavba<\/span><\/span><span class=\"wpcf7-list-item last\"><input type=\"checkbox\" name=\"checkbox-729[]\" value=\"Rekonstrukce\" \/><span class=\"wpcf7-list-item-label\">Rekonstrukce<\/span><\/span><\/span><\/span>\n<\/p>\n<table>\n<\/table>\n<p><label> Zpr\u00e1va <\/label><br \/>\n<span class=\"wpcf7-form-control-wrap\" data-name=\"your-message\"><textarea cols=\"40\" rows=\"10\" maxlength=\"2000\" class=\"wpcf7-form-control wpcf7-textarea\" aria-invalid=\"false\" name=\"your-message\"><\/textarea><\/span>\n<\/p>\n<table>\n<\/table>\n<table>\n<\/table>\n<p><label> Dokumentace (max 20 mb)<\/label><br \/>\n<span class=\"wpcf7-form-control-wrap\" data-name=\"file-980\"><input size=\"40\" class=\"wpcf7-form-control wpcf7-file\" accept=\"image\/*,.txt,application\/pdf\" aria-invalid=\"false\" type=\"file\" name=\"file-980\" \/><\/span><br \/>\n<span class=\"wpcf7-form-control-wrap\" data-name=\"file-981\"><input size=\"40\" class=\"wpcf7-form-control wpcf7-file\" accept=\"image\/*,.txt,application\/pdf\" aria-invalid=\"false\" type=\"file\" name=\"file-981\" \/><\/span><br \/>\n<span class=\"wpcf7-form-control-wrap\" data-name=\"file-982\"><input size=\"40\" class=\"wpcf7-form-control wpcf7-file\" accept=\"image\/*,.txt,application\/pdf\" aria-invalid=\"false\" type=\"file\" name=\"file-982\" \/><\/span><br \/>\n<span class=\"wpcf7-form-control-wrap\" data-name=\"file-983\"><input size=\"40\" class=\"wpcf7-form-control wpcf7-file\" accept=\"image\/*,.txt,application\/pdf\" aria-invalid=\"false\" type=\"file\" name=\"file-983\" \/><\/span><br \/>\n<label> <\/label>\n<\/p>\n<table>\n<\/table>\n<table>\n<\/table>\n<p><span class=\"wpcf7-form-control-wrap\" data-name=\"acceptance-872\"><span class=\"wpcf7-form-control wpcf7-acceptance\"><span class=\"wpcf7-list-item\"><label><input type=\"checkbox\" name=\"acceptance-872\" value=\"1\" aria-invalid=\"false\" \/><span class=\"wpcf7-list-item-label\">souhlas\u00edm se zpracov\u00e1n\u00edm osobn\u00edch \u00fadaj\u016f<\/span><\/label><\/span><\/span><\/span>\n<\/p>\n<p><button class=\"wpcf7-form-control wpcf7-submit has-spinner et_pb_button et_pb_bg_layout_light\" type=\"submit\" value=\"Odeslat popt\u00e1vku\">Odeslat popt\u00e1vku<\/button>\n<\/p><div class=\"wpcf7-response-output\" aria-hidden=\"true\"><\/div>\n<\/form>\n<\/div>\n\n\t\t\t<\/div>\n\t\t\t\t<\/div>\n\t\t\t<\/div>\u2706603 259 040\ud83d\udd82info@ktvservis.cz<\/p>\n","protected":false},"author":1,"featured_media":0,"parent":0,"menu_order":0,"comment_status":"closed","ping_status":"closed","template":"","meta":{"_et_pb_use_builder":"on","_et_pb_old_content":"","_et_gb_content_width":"","footnotes":""},"class_list":["post-759","page","type-page","status-publish","hentry"],"_links":{"self":[{"href":"https:\/\/www.ktvservis.cz\/index.php\/wp-json\/wp\/v2\/pages\/759","targetHints":{"allow":["GET"]}}],"collection":[{"href":"https:\/\/www.ktvservis.cz\/index.php\/wp-json\/wp\/v2\/pages"}],"about":[{"href":"https:\/\/www.ktvservis.cz\/index.php\/wp-json\/wp\/v2\/types\/page"}],"author":[{"embeddable":true,"href":"https:\/\/www.ktvservis.cz\/index.php\/wp-json\/wp\/v2\/users\/1"}],"replies":[{"embeddable":true,"href":"https:\/\/www.ktvservis.cz\/index.php\/wp-json\/wp\/v2\/comments?post=759"}],"version-history":[{"count":10,"href":"https:\/\/www.ktvservis.cz\/index.php\/wp-json\/wp\/v2\/pages\/759\/revisions"}],"predecessor-version":[{"id":787,"href":"https:\/\/www.ktvservis.cz\/index.php\/wp-json\/wp\/v2\/pages\/759\/revisions\/787"}],"wp:attachment":[{"href":"https:\/\/www.ktvservis.cz\/index.php\/wp-json\/wp\/v2\/media?parent=759"}],"curies":[{"name":"wp","href":"https:\/\/api.w.org\/{rel}","templated":true}]}}