{"id":7,"date":"2025-06-16T13:03:08","date_gmt":"2025-06-16T13:03:08","guid":{"rendered":"https:\/\/www.ktvservis.cz\/?page_id=7"},"modified":"2025-06-16T13:31:12","modified_gmt":"2025-06-16T13:31:12","slug":"cs","status":"publish","type":"page","link":"https:\/\/www.ktvservis.cz\/","title":{"rendered":"CS"},"content":{"rendered":"<p>[et_pb_section fb_built=&#8220;1&#8243; _builder_version=&#8220;4.27.4&#8243; _module_preset=&#8220;default&#8220; background_image=&#8220;https:\/\/www.ktvservis.cz\/wp-content\/uploads\/2025\/06\/bg.png&#8220; height=&#8220;100vh&#8220; custom_margin=&#8220;0px||||false|false&#8220; custom_padding=&#8220;0px||||false|false&#8220; global_colors_info=&#8220;{}&#8220;][et_pb_row _builder_version=&#8220;4.27.4&#8243; _module_preset=&#8220;default&#8220; custom_margin=&#8220;0px||||false|false&#8220; custom_padding=&#8220;0px||||false|false&#8220; global_colors_info=&#8220;{}&#8220;][et_pb_column type=&#8220;4_4&#8243; _builder_version=&#8220;4.27.4&#8243; _module_preset=&#8220;default&#8220; global_colors_info=&#8220;{}&#8220;][et_pb_image src=&#8220;https:\/\/www.ktvservis.cz\/wp-content\/uploads\/2025\/06\/logoktv.jpg&#8220; title_text=&#8220;logoktv&#8220; _builder_version=&#8220;4.27.4&#8243; _module_preset=&#8220;default&#8220; hover_enabled=&#8220;0&#8243; global_colors_info=&#8220;{}&#8220; width=&#8220;8%&#8220; sticky_enabled=&#8220;0&#8243; width_last_edited=&#8220;on|phone&#8220; width_phone=&#8220;23%&#8220; width_tablet=&#8220;8%&#8220;][\/et_pb_image][\/et_pb_column][\/et_pb_row][et_pb_row column_structure=&#8220;1_2,1_2&#8243; use_custom_gutter=&#8220;on&#8220; make_equal=&#8220;on&#8220; _builder_version=&#8220;4.27.4&#8243; _module_preset=&#8220;default&#8220; custom_margin=&#8220;0px||0px||false|false&#8220; custom_padding=&#8220;0px||56px||false|false&#8220; custom_css_main_element=&#8220;align-items:center;||&#8220; border_width_bottom=&#8220;1px&#8220; global_colors_info=&#8220;{}&#8220;][et_pb_column type=&#8220;1_2&#8243; _builder_version=&#8220;4.27.4&#8243; _module_preset=&#8220;default&#8220; global_colors_info=&#8220;{}&#8220;][et_pb_text _builder_version=&#8220;4.27.4&#8243; _module_preset=&#8220;default&#8220; text_text_color=&#8220;#e30613&#8243; text_font_size=&#8220;30px&#8220; text_line_height=&#8220;1.9em&#8220; text_orientation=&#8220;justified&#8220; custom_margin=&#8220;||0px||false|false&#8220; custom_padding=&#8220;||0px||false|false&#8220; global_colors_info=&#8220;{}&#8220;]<\/p>\n<p><strong>OKNA &#8211; DVE\u0158E<\/strong><\/p>\n<p>[\/et_pb_text][et_pb_text _builder_version=&#8220;4.27.4&#8243; _module_preset=&#8220;default&#8220; text_text_color=&#8220;#000000&#8243; text_font_size=&#8220;17px&#8220; text_line_height=&#8220;1.9em&#8220; text_orientation=&#8220;justified&#8220; hover_enabled=&#8220;0&#8243; global_colors_info=&#8220;{}&#8220; text_font_size_last_edited=&#8220;on|phone&#8220; text_font_size_phone=&#8220;15px&#8220; sticky_enabled=&#8220;0&#8243; text_font_size_tablet=&#8220;17px&#8220;]<\/p>\n<p>Zab\u00fdv\u00e1me se dod\u00e1vkami\u00a0<strong>otvorov\u00fdch v\u00fdpln\u00ed v plastu, d\u0159ev\u011b i hl\u00edn\u00edku<\/strong>. Ve\u0161ker\u00e9 konstrukce \u0159e\u0161\u00edme dle konkr\u00e9tn\u00edch po\u017eadavk\u016f z\u00e1kazn\u00edka. K okn\u016fm dod\u00e1v\u00e1me ve\u0161ker\u00e9 dopl\u0148ky.<\/p>\n<p><strong>Interi\u00e9rov\u00e9 a exteri\u00e9rov\u00e9 parapety<\/strong>,\u00a0<strong>\u017ealuzie a protihmyzov\u00e9 s\u00edt\u011b<\/strong>,\u00a0<strong>venkovn\u00ed \u017ealuzie a rolety<\/strong>,\u00a0<strong>gar\u00e1\u017eov\u00e1 vrata<\/strong>.<\/p>\n<p>Na ve\u0161ker\u00fd sortiment zpracujeme cenov\u00e9 kalkulace zdarma.<\/p>\n<p>[\/et_pb_text][et_pb_text _builder_version=&#8220;4.27.4&#8243; _module_preset=&#8220;default&#8220; text_font=&#8220;|700|||||||&#8220; text_text_color=&#8220;#E30613&#8243; text_font_size=&#8220;20px&#8220; hover_enabled=&#8220;0&#8243; global_colors_info=&#8220;{}&#8220; text_font_size_last_edited=&#8220;on|phone&#8220; text_font_size_phone=&#8220;15px&#8220; sticky_enabled=&#8220;0&#8243; text_font_size_tablet=&#8220;20px&#8220;]<\/p>\n<p>info@ktvservis.cz<\/p>\n<p>[\/et_pb_text][\/et_pb_column][et_pb_column type=&#8220;1_2&#8243; _builder_version=&#8220;4.27.4&#8243; _module_preset=&#8220;default&#8220; global_colors_info=&#8220;{}&#8220;][et_pb_image src=&#8220;https:\/\/www.ktvservis.cz\/wp-content\/uploads\/2025\/06\/prodejna-1.jpg&#8220; title_text=&#8220;prodejna (1)&#8220; _builder_version=&#8220;4.27.4&#8243; _module_preset=&#8220;default&#8220; global_colors_info=&#8220;{}&#8220;][\/et_pb_image][\/et_pb_column][\/et_pb_row][et_pb_row make_equal=&#8220;on&#8220; _builder_version=&#8220;4.27.4&#8243; _module_preset=&#8220;default&#8220; custom_padding=&#8220;||0px||false|false&#8220; global_colors_info=&#8220;{}&#8220;][et_pb_column type=&#8220;4_4&#8243; _builder_version=&#8220;4.27.4&#8243; _module_preset=&#8220;default&#8220; global_colors_info=&#8220;{}&#8220;][et_pb_text _builder_version=&#8220;4.27.4&#8243; _module_preset=&#8220;default&#8220; text_text_color=&#8220;#e30613&#8243; text_font_size=&#8220;30px&#8220; text_line_height=&#8220;1.9em&#8220; text_orientation=&#8220;justified&#8220; global_colors_info=&#8220;{}&#8220;]<\/p>\n<p><strong>KONTAKTUJTE N\u00c1S:<\/strong><\/p>\n<p>[\/et_pb_text][\/et_pb_column][\/et_pb_row][et_pb_row column_structure=&#8220;1_3,1_3,1_3&#8243; use_custom_gutter=&#8220;on&#8220; make_equal=&#8220;on&#8220; _builder_version=&#8220;4.27.4&#8243; _module_preset=&#8220;default&#8220; custom_css_main_element=&#8220;align-items:center;&#8220; global_colors_info=&#8220;{}&#8220;][et_pb_column type=&#8220;1_3&#8243; _builder_version=&#8220;4.27.4&#8243; _module_preset=&#8220;default&#8220; global_colors_info=&#8220;{}&#8220;][et_pb_text _builder_version=&#8220;4.27.4&#8243; _module_preset=&#8220;default&#8220; text_text_color=&#8220;#000000&#8243; text_font_size=&#8220;17px&#8220; text_orientation=&#8220;justified&#8220; global_colors_info=&#8220;{}&#8220;]<\/p>\n<p><strong>\u010c\u00e1slava:<\/strong><br \/>+420 603 259 177<br \/><span style=\"color: #e30613;\">caslava@ktvservis.cz<\/span><\/p>\n<p>[\/et_pb_text][\/et_pb_column][et_pb_column type=&#8220;1_3&#8243; _builder_version=&#8220;4.27.4&#8243; _module_preset=&#8220;default&#8220; global_colors_info=&#8220;{}&#8220;][et_pb_text _builder_version=&#8220;4.27.4&#8243; _module_preset=&#8220;default&#8220; text_text_color=&#8220;#000000&#8243; text_font_size=&#8220;17px&#8220; text_orientation=&#8220;justified&#8220; global_colors_info=&#8220;{}&#8220;]<\/p>\n<p><strong>Koutn\u00e1:<\/strong><br \/>+420 603 259 040<br \/><span style=\"color: #e30613;\">koutna@ktvservis.cz<\/span><\/p>\n<p>[\/et_pb_text][\/et_pb_column][et_pb_column type=&#8220;1_3&#8243; _builder_version=&#8220;4.27.4&#8243; _module_preset=&#8220;default&#8220; global_colors_info=&#8220;{}&#8220;][et_pb_text _builder_version=&#8220;4.27.4&#8243; _module_preset=&#8220;default&#8220; text_text_color=&#8220;#000000&#8243; text_font_size=&#8220;17px&#8220; text_orientation=&#8220;justified&#8220; global_colors_info=&#8220;{}&#8220; custom_padding=&#8220;0px|||||&#8220;]<\/p>\n<p><strong>Ing. Pavel Koutn\u00fd:<\/strong><br \/>+420 721 739\u00a0400<br \/><span style=\"color: #e30613;\">koutny@ktvservis.cz<\/span><\/p>\n<p>[\/et_pb_text][\/et_pb_column][\/et_pb_row][et_pb_row column_structure=&#8220;1_3,1_3,1_3&#8243; use_custom_gutter=&#8220;on&#8220; make_equal=&#8220;on&#8220; _builder_version=&#8220;4.27.4&#8243; _module_preset=&#8220;default&#8220; custom_css_main_element=&#8220;align-items:center;&#8220; global_colors_info=&#8220;{}&#8220;][et_pb_column type=&#8220;1_3&#8243; _builder_version=&#8220;4.27.4&#8243; _module_preset=&#8220;default&#8220; global_colors_info=&#8220;{}&#8220;][et_pb_text _builder_version=&#8220;4.27.4&#8243; _module_preset=&#8220;default&#8220; text_text_color=&#8220;#000000&#8243; text_font_size=&#8220;17px&#8220; text_orientation=&#8220;justified&#8220; global_colors_info=&#8220;{}&#8220;]<strong>Telefon:<\/strong><br \/>\n+420 517 330 344<br \/>\n<strong>Fax:<\/strong><br \/>\n+420 517 330 345[\/et_pb_text][\/et_pb_column][et_pb_column type=&#8220;1_3&#8243; _builder_version=&#8220;4.27.4&#8243; _module_preset=&#8220;default&#8220; global_colors_info=&#8220;{}&#8220;][et_pb_text _builder_version=&#8220;4.27.4&#8243; _module_preset=&#8220;default&#8220; text_text_color=&#8220;#000000&#8243; text_font_size=&#8220;17px&#8220; text_orientation=&#8220;justified&#8220; global_colors_info=&#8220;{}&#8220;]<\/p>\n<p><strong>KTV servis, s.r.o.<\/strong><br \/>Brn\u011bnsk\u00e1 98, 682 01 Vy\u0161kov 1<br \/>I\u010cO: 26979250<br \/>DI\u010c: CZ26979250<\/p>\n<p>[\/et_pb_text][\/et_pb_column][et_pb_column type=&#8220;1_3&#8243; _builder_version=&#8220;4.27.4&#8243; _module_preset=&#8220;default&#8220; global_colors_info=&#8220;{}&#8220;][et_pb_text _builder_version=&#8220;4.27.4&#8243; _module_preset=&#8220;default&#8220; text_text_color=&#8220;#000000&#8243; text_orientation=&#8220;justified&#8220; global_colors_info=&#8220;{}&#8220;]<\/p>\n<p>Bankovn\u00ed spojen\u00ed:<br \/>KB Vy\u0161kov \u010d.\u00fa. 35-4398720267\/0100<br \/>Zaps\u00e1no v OR u KS v Brn\u011b odd\u00edl C, vlo\u017eka 49523<\/p>\n<p>[\/et_pb_text][\/et_pb_column][\/et_pb_row][\/et_pb_section]<\/p>\n","protected":false},"excerpt":{"rendered":"<p>OKNA &#8211; DVE\u0158EZab\u00fdv\u00e1me se dod\u00e1vkami\u00a0otvorov\u00fdch v\u00fdpln\u00ed v plastu, d\u0159ev\u011b i hl\u00edn\u00edku. Ve\u0161ker\u00e9 konstrukce \u0159e\u0161\u00edme dle konkr\u00e9tn\u00edch po\u017eadavk\u016f z\u00e1kazn\u00edka. K okn\u016fm dod\u00e1v\u00e1me ve\u0161ker\u00e9 dopl\u0148ky. Interi\u00e9rov\u00e9 a exteri\u00e9rov\u00e9 parapety,\u00a0\u017ealuzie a protihmyzov\u00e9 s\u00edt\u011b,\u00a0venkovn\u00ed \u017ealuzie a rolety,\u00a0gar\u00e1\u017eov\u00e1 vrata. Na ve\u0161ker\u00fd sortiment zpracujeme cenov\u00e9 kalkulace zdarma.info@ktvservis.czKONTAKTUJTE N\u00c1S:\u010c\u00e1slava:+420 603 259 177caslava@ktvservis.czKoutn\u00e1:+420 603 259 040koutna@ktvservis.czIng. Pavel Koutn\u00fd:+420 721 739\u00a0400koutny@ktvservis.czTelefon: +420 517 330 344 Fax: +420 517 330 345KTV servis, s.r.o.Brn\u011bnsk\u00e1 98, 682 01 Vy\u0161kov 1I\u010cO: 26979250DI\u010c: CZ26979250Bankovn\u00ed spojen\u00ed:KB Vy\u0161kov \u010d.\u00fa. 35-4398720267\/0100Zaps\u00e1no v OR u KS v Brn\u011b odd\u00edl C, vlo\u017eka 49523<\/p>\n","protected":false},"author":1,"featured_media":0,"parent":0,"menu_order":0,"comment_status":"closed","ping_status":"closed","template":"page-template-blank.php","meta":{"_et_pb_use_builder":"on","_et_pb_old_content":"","_et_gb_content_width":"","footnotes":""},"class_list":["post-7","page","type-page","status-publish","hentry"],"_links":{"self":[{"href":"https:\/\/www.ktvservis.cz\/index.php\/wp-json\/wp\/v2\/pages\/7","targetHints":{"allow":["GET"]}}],"collection":[{"href":"https:\/\/www.ktvservis.cz\/index.php\/wp-json\/wp\/v2\/pages"}],"about":[{"href":"https:\/\/www.ktvservis.cz\/index.php\/wp-json\/wp\/v2\/types\/page"}],"author":[{"embeddable":true,"href":"https:\/\/www.ktvservis.cz\/index.php\/wp-json\/wp\/v2\/users\/1"}],"replies":[{"embeddable":true,"href":"https:\/\/www.ktvservis.cz\/index.php\/wp-json\/wp\/v2\/comments?post=7"}],"version-history":[{"count":8,"href":"https:\/\/www.ktvservis.cz\/index.php\/wp-json\/wp\/v2\/pages\/7\/revisions"}],"predecessor-version":[{"id":21,"href":"https:\/\/www.ktvservis.cz\/index.php\/wp-json\/wp\/v2\/pages\/7\/revisions\/21"}],"wp:attachment":[{"href":"https:\/\/www.ktvservis.cz\/index.php\/wp-json\/wp\/v2\/media?parent=7"}],"curies":[{"name":"wp","href":"https:\/\/api.w.org\/{rel}","templated":true}]}}